{"id":10746,"date":"2021-12-08T17:13:11","date_gmt":"2021-12-08T15:13:11","guid":{"rendered":"https:\/\/wolftankgroup.com\/impressum\/"},"modified":"2025-06-12T12:58:23","modified_gmt":"2025-06-12T10:58:23","slug":"impressum","status":"publish","type":"page","link":"https:\/\/wolftankgroup.com\/de\/impressum\/","title":{"rendered":"Impressum"},"content":{"rendered":"\t\t<div data-elementor-type=\"wp-page\" data-elementor-id=\"10746\" class=\"elementor elementor-10746 elementor-89\" data-elementor-post-type=\"page\">\n\t\t\t\t\t\t<section class=\"elementor-section elementor-top-section elementor-element elementor-element-00fc31a elementor-section-content-middle elementor-reverse-tablet elementor-reverse-mobile elementor-section-boxed elementor-section-height-default elementor-section-height-default\" data-id=\"00fc31a\" data-element_type=\"section\" data-e-type=\"section\">\n\t\t\t\t\t\t<div class=\"elementor-container elementor-column-gap-default\">\n\t\t\t\t\t<div class=\"elementor-column elementor-col-100 elementor-top-column elementor-element elementor-element-c205dfc\" data-id=\"c205dfc\" data-element_type=\"column\" data-e-type=\"column\">\n\t\t\t<div class=\"elementor-widget-wrap elementor-element-populated\">\n\t\t\t\t\t\t<div class=\"elementor-element elementor-element-4085bf0 elementor-widget elementor-widget-heading\" data-id=\"4085bf0\" data-element_type=\"widget\" data-e-type=\"widget\" data-widget_type=\"heading.default\">\n\t\t\t\t<div class=\"elementor-widget-container\">\n\t\t\t\t\t<h1 class=\"elementor-heading-title elementor-size-default\">Impressum<\/h1>\t\t\t\t<\/div>\n\t\t\t\t<\/div>\n\t\t\t\t\t<\/div>\n\t\t<\/div>\n\t\t\t\t\t<\/div>\n\t\t<\/section>\n\t\t\t\t<section class=\"elementor-section elementor-top-section elementor-element elementor-element-e5a4935 elementor-section-boxed elementor-section-height-default elementor-section-height-default\" data-id=\"e5a4935\" data-element_type=\"section\" data-e-type=\"section\" data-settings=\"{&quot;background_background&quot;:&quot;classic&quot;}\">\n\t\t\t\t\t\t<div class=\"elementor-container elementor-column-gap-default\">\n\t\t\t\t\t<div class=\"elementor-column elementor-col-100 elementor-top-column elementor-element elementor-element-18f60e5\" data-id=\"18f60e5\" data-element_type=\"column\" data-e-type=\"column\">\n\t\t\t<div class=\"elementor-widget-wrap elementor-element-populated\">\n\t\t\t\t\t\t<div class=\"elementor-element elementor-element-a094d20 elementor-widget elementor-widget-text-editor\" data-id=\"a094d20\" data-element_type=\"widget\" data-e-type=\"widget\" data-widget_type=\"text-editor.default\">\n\t\t\t\t<div class=\"elementor-widget-container\">\n\t\t\t\t\t\t\t\t\t<h2>Wolftank Group AG<\/h2>\n<p>Unternehmensgegenstand:\u00a0Verm\u00f6gensverwaltung, Beteiligungsverwaltung<\/p>\n<p>UID-Nummer:\u00a0ATU63994547<br \/>Firmenbuchnummer:\u00a0FN 306731a<br \/>Firmenbuchgericht: Landesgericht Innsbruck<br \/>Firmensitz: Innsbruck, \u00d6sterreich<br \/>Geografische Anschrift: Leopoldstra\u00dfe 2, 6020 Innsbruck<br \/>Telefon: +43 (0) 512 345 726<br \/>Fax: +43 (0)512 345 726 \u2013 89<br \/>E-Mail: info@wolftankgroup.com<\/p>\n<p>Mitgliedschaften bei der Wirtschaftskammerorganisation:\u00a0<em>WK\u00d6, WK Tirol<\/em><\/p>\n<p>Anwendbare Rechtsvorschriften: Gewerbeordnung 1994 ( BGBl. Nr. 194\/1194) in der jeweils geltenden Fassung abrufbar unter\u00a0<a href=\"http:\/\/www.ris.bka.gv.at\/Bundesrecht\/\">http:\/\/www.ris.bka.gv.at\/Bundesrecht\/<\/a><\/p>\n<p>Aufsichtsbeh\u00f6rde\/Gewerbebeh\u00f6rde: Bezirkshauptmannschaft Innsbruck, \u00d6sterreich<\/p>\n<p>Vorstand: Simon Reckla, MA (Vorsitz)<\/p>\n<p>Aufsichtsrat (Vorsitz): Dr. Andreas von Aufschnaiter<\/p>\n\t\t\t\t\t\t\t\t<\/div>\n\t\t\t\t<\/div>\n\t\t\t\t\t<\/div>\n\t\t<\/div>\n\t\t\t\t\t<\/div>\n\t\t<\/section>\n\t\t\t\t<section class=\"elementor-section elementor-top-section elementor-element elementor-element-3cf51a3 elementor-section-height-min-height elementor-section-content-middle elementor-reverse-tablet elementor-reverse-mobile elementor-section-boxed elementor-section-height-default elementor-section-items-middle\" data-id=\"3cf51a3\" data-element_type=\"section\" data-e-type=\"section\">\n\t\t\t\t\t\t<div class=\"elementor-container elementor-column-gap-default\">\n\t\t\t\t\t<div class=\"elementor-column elementor-col-100 elementor-top-column elementor-element elementor-element-9d7109f\" data-id=\"9d7109f\" data-element_type=\"column\" data-e-type=\"column\">\n\t\t\t<div class=\"elementor-widget-wrap elementor-element-populated\">\n\t\t\t\t\t\t<div class=\"elementor-element elementor-element-573b66a elementor-widget elementor-widget-heading\" data-id=\"573b66a\" data-element_type=\"widget\" data-e-type=\"widget\" data-widget_type=\"heading.default\">\n\t\t\t\t<div class=\"elementor-widget-container\">\n\t\t\t\t\t<h2 class=\"elementor-heading-title elementor-size-default\">HAFTUNGSAUSSCHLUSS<\/h2>\t\t\t\t<\/div>\n\t\t\t\t<\/div>\n\t\t\t\t<div class=\"elementor-element elementor-element-fbb8eb2 elementor-widget elementor-widget-text-editor\" data-id=\"fbb8eb2\" data-element_type=\"widget\" data-e-type=\"widget\" data-widget_type=\"text-editor.default\">\n\t\t\t\t<div class=\"elementor-widget-container\">\n\t\t\t\t\t\t\t\t\t<p>Bei der Erstellung dieser Pr\u00e4sentation ist die gr\u00f6\u00dftm\u00f6gliche Sorgfalt verwendet worden, dennoch bleiben \u00c4nderungen, Irrt\u00fcmer und Auslassungen vorbehalten. Die in der Pr\u00e4sentation getroffenen Aussagen basieren auf Beurteilungen, historischen Daten und Einsch\u00e4tzungen zum Zeitpunkt der Erstellung der Pr\u00e4sentation.<br \/>Diese Information dient Werbezwecken. F\u00fcr diese Verm\u00f6gensanlage besteht keine gesetzliche Verpflichtung zur Erstellung eines Wertpapierprospektes. Die Private Placement Pr\u00e4sentation ist demzufolge nicht Gegenstand eines Verfahrens zu dessen Billigung durch die Finanzmarktaufsicht. Ma\u00dfgeblich f\u00fcr die Beteiligung an der Wolftank Group AG ist die Satzung. Die Information ist keine Finanzanalyse. Bei der Verm\u00f6gensanlage handelt es sich um eine unternehmerische Beteiligung, die Risiken unterliegt. Die Pr\u00e4sentation einschlie\u00dflich aller ihrer Teile ist urheberrechtlich gesch\u00fctzt. Jede Verwertung der Pr\u00e4sentation bedarf der vorherigen schriftlichen Zustimmung der Wolftank Group AG. Dieses gilt insbesondere f\u00fcr Vervielf\u00e4ltigungen, \u00dcbersetzungen und die Einspeicherung und Verarbeitung in elektronischen Systemen.<br \/>Wertpapiergesch\u00e4fte sind mit Risiken, insbesondere dem Risiko eines Totalverlusts des eingesetzten Kapitals, verbunden. Sie sollten sich deshalb vor jeder Anlageentscheidung eingehend pers\u00f6nlich unter Ber\u00fccksichtigung Ihrer pers\u00f6nlichen Verm\u00f6gens- und Anlagesituation beraten lassen und Ihre Anlageentscheidung nicht auf die in diesem Dokument ver\u00f6ffentlichen Informationen st\u00fctzen. Bitte wenden Sie sich hierzu an Ihre Kredit- und Wertpapierinstitute. Die Zul\u00e4ssigkeit des Erwerbs eines Wertpapiers kann an verschiedene Voraussetzungen, insbesondere Ihre Staatsangeh\u00f6rigkeit gebunden sein, bitte lassen Sie sich auch hierzu vor einer Anlageentscheidung entsprechend beraten.<\/p>\n\t\t\t\t\t\t\t\t<\/div>\n\t\t\t\t<\/div>\n\t\t\t\t\t<\/div>\n\t\t<\/div>\n\t\t\t\t\t<\/div>\n\t\t<\/section>\n\t\t\t\t<\/div>\n\t\t","protected":false},"excerpt":{"rendered":"<p>Wolftank Group AG Unternehmensgegenstand:\u00a0Verm\u00f6gensverwaltung, Beteiligungsverwaltung UID-Nummer:\u00a0ATU63994547Firmenbuchnummer:\u00a0FN 306731aFirmenbuchgericht: Landesgericht InnsbruckFirmensitz: Innsbruck, \u00d6sterreichGeografische Anschrift: Leopoldstra\u00dfe 2, 6020 InnsbruckTelefon: +43 (0) 512 345 726Fax: +43 (0)512 345 726 \u2013 89E-Mail: info@wolftankgroup.com Mitgliedschaften bei der Wirtschaftskammerorganisation:\u00a0WK\u00d6, WK Tirol Anwendbare Rechtsvorschriften: Gewerbeordnung 1994 ( BGBl. Nr. 194\/1194) in der jeweils geltenden Fassung abrufbar unter\u00a0http:\/\/www.ris.bka.gv.at\/Bundesrecht\/ Aufsichtsbeh\u00f6rde\/Gewerbebeh\u00f6rde: Bezirkshauptmannschaft Innsbruck, \u00d6sterreich Vorstand: Simon [&hellip;]<\/p>\n","protected":false},"author":1,"featured_media":0,"parent":0,"menu_order":0,"comment_status":"closed","ping_status":"closed","template":"elementor_theme","meta":{"site-sidebar-layout":"no-sidebar","site-content-layout":"page-builder","ast-site-content-layout":"","site-content-style":"default","site-sidebar-style":"default","ast-global-header-display":"","ast-banner-title-visibility":"","ast-main-header-display":"disabled","ast-hfb-above-header-display":"disabled","ast-hfb-below-header-display":"disabled","ast-hfb-mobile-header-display":"disabled","site-post-title":"disabled","ast-breadcrumbs-content":"disabled","ast-featured-img":"disabled","footer-sml-layout":"disabled","theme-transparent-header-meta":"default","adv-header-id-meta":"","stick-header-meta":"","header-above-stick-meta":"","header-main-stick-meta":"","header-below-stick-meta":"","astra-migrate-meta-layouts":"default","ast-page-background-enabled":"default","ast-page-background-meta":{"desktop":{"background-color":"var(--ast-global-color-4)","background-image":"","background-repeat":"repeat","background-position":"center center","background-size":"auto","background-attachment":"scroll","background-type":"","background-media":"","overlay-type":"","overlay-color":"","overlay-opacity":"","overlay-gradient":""},"tablet":{"background-color":"","background-image":"","background-repeat":"repeat","background-position":"center center","background-size":"auto","background-attachment":"scroll","background-type":"","background-media":"","overlay-type":"","overlay-color":"","overlay-opacity":"","overlay-gradient":""},"mobile":{"background-color":"","background-image":"","background-repeat":"repeat","background-position":"center center","background-size":"auto","background-attachment":"scroll","background-type":"","background-media":"","overlay-type":"","overlay-color":"","overlay-opacity":"","overlay-gradient":""}},"ast-content-background-meta":{"desktop":{"background-color":"var(--ast-global-color-5)","background-image":"","background-repeat":"repeat","background-position":"center center","background-size":"auto","background-attachment":"scroll","background-type":"","background-media":"","overlay-type":"","overlay-color":"","overlay-opacity":"","overlay-gradient":""},"tablet":{"background-color":"var(--ast-global-color-5)","background-image":"","background-repeat":"repeat","background-position":"center center","background-size":"auto","background-attachment":"scroll","background-type":"","background-media":"","overlay-type":"","overlay-color":"","overlay-opacity":"","overlay-gradient":""},"mobile":{"background-color":"var(--ast-global-color-5)","background-image":"","background-repeat":"repeat","background-position":"center center","background-size":"auto","background-attachment":"scroll","background-type":"","background-media":"","overlay-type":"","overlay-color":"","overlay-opacity":"","overlay-gradient":""}},"footnotes":""},"class_list":["post-10746","page","type-page","status-publish","hentry"],"yoast_head":"<!-- This site is optimized with the Yoast SEO Premium plugin v18.4 (Yoast SEO v25.3) - https:\/\/yoast.com\/wordpress\/plugins\/seo\/ -->\n<title>Impressum | Wolftank Group<\/title>\n<meta name=\"robots\" content=\"index, follow, max-snippet:-1, max-image-preview:large, max-video-preview:-1\" \/>\n<link rel=\"canonical\" href=\"https:\/\/wolftankgroup.com\/de\/impressum\/\" \/>\n<meta property=\"og:locale\" content=\"de_DE\" \/>\n<meta property=\"og:type\" content=\"article\" \/>\n<meta property=\"og:title\" content=\"Impressum | Wolftank Group\" \/>\n<meta property=\"og:url\" content=\"https:\/\/wolftankgroup.com\/de\/impressum\/\" \/>\n<meta property=\"og:site_name\" content=\"Wolftank Group\" \/>\n<meta property=\"article:modified_time\" content=\"2025-06-12T10:58:23+00:00\" \/>\n<meta property=\"og:image\" content=\"https:\/\/wolftankgroup.com\/mediapool\/2022\/04\/Page-Thumbnails-Socials.jpg\" \/>\n\t<meta property=\"og:image:width\" content=\"1200\" \/>\n\t<meta property=\"og:image:height\" content=\"630\" \/>\n\t<meta property=\"og:image:type\" content=\"image\/jpeg\" \/>\n<meta name=\"twitter:card\" content=\"summary_large_image\" \/>\n<meta name=\"twitter:label1\" content=\"Gesch\u00e4tzte Lesezeit\" \/>\n\t<meta name=\"twitter:data1\" content=\"2\u00a0Minuten\" \/>\n<script type=\"application\/ld+json\" class=\"yoast-schema-graph\">{\"@context\":\"https:\/\/schema.org\",\"@graph\":[{\"@type\":\"WebPage\",\"@id\":\"https:\/\/wolftankgroup.com\/de\/impressum\/\",\"url\":\"https:\/\/wolftankgroup.com\/de\/impressum\/\",\"name\":\"Impressum | Wolftank Group\",\"isPartOf\":{\"@id\":\"https:\/\/wolftankgroup.com\/de\/#website\"},\"datePublished\":\"2021-12-08T15:13:11+00:00\",\"dateModified\":\"2025-06-12T10:58:23+00:00\",\"breadcrumb\":{\"@id\":\"https:\/\/wolftankgroup.com\/de\/impressum\/#breadcrumb\"},\"inLanguage\":\"de\",\"potentialAction\":[{\"@type\":\"ReadAction\",\"target\":[\"https:\/\/wolftankgroup.com\/de\/impressum\/\"]}]},{\"@type\":\"BreadcrumbList\",\"@id\":\"https:\/\/wolftankgroup.com\/de\/impressum\/#breadcrumb\",\"itemListElement\":[{\"@type\":\"ListItem\",\"position\":1,\"name\":\"Home\",\"item\":\"https:\/\/wolftankgroup.com\/de\/\"},{\"@type\":\"ListItem\",\"position\":2,\"name\":\"Impressum\"}]},{\"@type\":\"WebSite\",\"@id\":\"https:\/\/wolftankgroup.com\/de\/#website\",\"url\":\"https:\/\/wolftankgroup.com\/de\/\",\"name\":\"Wolftank Group\",\"description\":\"Energizing the future\",\"publisher\":{\"@id\":\"https:\/\/wolftankgroup.com\/de\/#organization\"},\"potentialAction\":[{\"@type\":\"SearchAction\",\"target\":{\"@type\":\"EntryPoint\",\"urlTemplate\":\"https:\/\/wolftankgroup.com\/de\/?s={search_term_string}\"},\"query-input\":{\"@type\":\"PropertyValueSpecification\",\"valueRequired\":true,\"valueName\":\"search_term_string\"}}],\"inLanguage\":\"de\"},{\"@type\":\"Organization\",\"@id\":\"https:\/\/wolftankgroup.com\/de\/#organization\",\"name\":\"Wolftank Group\",\"url\":\"https:\/\/wolftankgroup.com\/de\/\",\"logo\":{\"@type\":\"ImageObject\",\"inLanguage\":\"de\",\"@id\":\"https:\/\/wolftankgroup.com\/de\/#\/schema\/logo\/image\/\",\"url\":\"https:\/\/wolftankgroup.com\/mediapool\/2022\/04\/Wolftank_Group_Logo_RGB.jpg\",\"contentUrl\":\"https:\/\/wolftankgroup.com\/mediapool\/2022\/04\/Wolftank_Group_Logo_RGB.jpg\",\"width\":2311,\"height\":981,\"caption\":\"Wolftank Group\"},\"image\":{\"@id\":\"https:\/\/wolftankgroup.com\/de\/#\/schema\/logo\/image\/\"},\"sameAs\":[\"https:\/\/www.linkedin.com\/company\/9185741\/\"]}]}<\/script>\n<!-- \/ Yoast SEO Premium plugin. -->","yoast_head_json":{"title":"Impressum | Wolftank Group","robots":{"index":"index","follow":"follow","max-snippet":"max-snippet:-1","max-image-preview":"max-image-preview:large","max-video-preview":"max-video-preview:-1"},"canonical":"https:\/\/wolftankgroup.com\/de\/impressum\/","og_locale":"de_DE","og_type":"article","og_title":"Impressum | Wolftank Group","og_url":"https:\/\/wolftankgroup.com\/de\/impressum\/","og_site_name":"Wolftank Group","article_modified_time":"2025-06-12T10:58:23+00:00","og_image":[{"width":1200,"height":630,"url":"https:\/\/wolftankgroup.com\/mediapool\/2022\/04\/Page-Thumbnails-Socials.jpg","type":"image\/jpeg"}],"twitter_card":"summary_large_image","twitter_misc":{"Gesch\u00e4tzte Lesezeit":"2\u00a0Minuten"},"schema":{"@context":"https:\/\/schema.org","@graph":[{"@type":"WebPage","@id":"https:\/\/wolftankgroup.com\/de\/impressum\/","url":"https:\/\/wolftankgroup.com\/de\/impressum\/","name":"Impressum | Wolftank Group","isPartOf":{"@id":"https:\/\/wolftankgroup.com\/de\/#website"},"datePublished":"2021-12-08T15:13:11+00:00","dateModified":"2025-06-12T10:58:23+00:00","breadcrumb":{"@id":"https:\/\/wolftankgroup.com\/de\/impressum\/#breadcrumb"},"inLanguage":"de","potentialAction":[{"@type":"ReadAction","target":["https:\/\/wolftankgroup.com\/de\/impressum\/"]}]},{"@type":"BreadcrumbList","@id":"https:\/\/wolftankgroup.com\/de\/impressum\/#breadcrumb","itemListElement":[{"@type":"ListItem","position":1,"name":"Home","item":"https:\/\/wolftankgroup.com\/de\/"},{"@type":"ListItem","position":2,"name":"Impressum"}]},{"@type":"WebSite","@id":"https:\/\/wolftankgroup.com\/de\/#website","url":"https:\/\/wolftankgroup.com\/de\/","name":"Wolftank Group","description":"Energizing the future","publisher":{"@id":"https:\/\/wolftankgroup.com\/de\/#organization"},"potentialAction":[{"@type":"SearchAction","target":{"@type":"EntryPoint","urlTemplate":"https:\/\/wolftankgroup.com\/de\/?s={search_term_string}"},"query-input":{"@type":"PropertyValueSpecification","valueRequired":true,"valueName":"search_term_string"}}],"inLanguage":"de"},{"@type":"Organization","@id":"https:\/\/wolftankgroup.com\/de\/#organization","name":"Wolftank Group","url":"https:\/\/wolftankgroup.com\/de\/","logo":{"@type":"ImageObject","inLanguage":"de","@id":"https:\/\/wolftankgroup.com\/de\/#\/schema\/logo\/image\/","url":"https:\/\/wolftankgroup.com\/mediapool\/2022\/04\/Wolftank_Group_Logo_RGB.jpg","contentUrl":"https:\/\/wolftankgroup.com\/mediapool\/2022\/04\/Wolftank_Group_Logo_RGB.jpg","width":2311,"height":981,"caption":"Wolftank Group"},"image":{"@id":"https:\/\/wolftankgroup.com\/de\/#\/schema\/logo\/image\/"},"sameAs":["https:\/\/www.linkedin.com\/company\/9185741\/"]}]}},"_links":{"self":[{"href":"https:\/\/wolftankgroup.com\/de\/wp-json\/wp\/v2\/pages\/10746","targetHints":{"allow":["GET"]}}],"collection":[{"href":"https:\/\/wolftankgroup.com\/de\/wp-json\/wp\/v2\/pages"}],"about":[{"href":"https:\/\/wolftankgroup.com\/de\/wp-json\/wp\/v2\/types\/page"}],"author":[{"embeddable":true,"href":"https:\/\/wolftankgroup.com\/de\/wp-json\/wp\/v2\/users\/1"}],"replies":[{"embeddable":true,"href":"https:\/\/wolftankgroup.com\/de\/wp-json\/wp\/v2\/comments?post=10746"}],"version-history":[{"count":10,"href":"https:\/\/wolftankgroup.com\/de\/wp-json\/wp\/v2\/pages\/10746\/revisions"}],"predecessor-version":[{"id":20180,"href":"https:\/\/wolftankgroup.com\/de\/wp-json\/wp\/v2\/pages\/10746\/revisions\/20180"}],"wp:attachment":[{"href":"https:\/\/wolftankgroup.com\/de\/wp-json\/wp\/v2\/media?parent=10746"}],"curies":[{"name":"wp","href":"https:\/\/api.w.org\/{rel}","templated":true}]}}