{"id":11358,"date":"2021-12-13T17:22:07","date_gmt":"2021-12-13T15:22:07","guid":{"rendered":"https:\/\/wolftankgroup.com\/investor-relations\/finanzkalender\/"},"modified":"2026-04-28T15:52:53","modified_gmt":"2026-04-28T13:52:53","slug":"finanzkalender","status":"publish","type":"page","link":"https:\/\/wolftankgroup.com\/de\/investor-relations\/finanzkalender\/","title":{"rendered":"Finanzkalender"},"content":{"rendered":"\t\t<div data-elementor-type=\"wp-page\" data-elementor-id=\"11358\" class=\"elementor elementor-11358 elementor-282\" data-elementor-post-type=\"page\">\n\t\t\t\t\t\t<section class=\"elementor-section elementor-top-section elementor-element elementor-element-e862fa4 elementor-section-full_width elementor-section-height-default elementor-section-height-default\" data-id=\"e862fa4\" data-element_type=\"section\" data-e-type=\"section\">\n\t\t\t\t\t\t<div class=\"elementor-container elementor-column-gap-default\">\n\t\t\t\t\t<div class=\"elementor-column elementor-col-100 elementor-top-column elementor-element elementor-element-b7e6e37\" data-id=\"b7e6e37\" data-element_type=\"column\" data-e-type=\"column\">\n\t\t\t<div class=\"elementor-widget-wrap elementor-element-populated\">\n\t\t\t\t\t\t<div class=\"elementor-element elementor-element-a61035f elementor-widget elementor-widget-template\" data-id=\"a61035f\" data-element_type=\"widget\" data-e-type=\"widget\" data-widget_type=\"template.default\">\n\t\t\t\t<div class=\"elementor-widget-container\">\n\t\t\t\t\t\t\t<div class=\"elementor-template\">\n\t\t\t\t\t<div data-elementor-type=\"section\" data-elementor-id=\"11404\" class=\"elementor elementor-11404 elementor-3084\" data-elementor-post-type=\"elementor_library\">\n\t\t\t<div class=\"elementor-element elementor-element-ed3c29d e-flex e-con-boxed e-con e-parent\" data-id=\"ed3c29d\" data-element_type=\"container\" data-e-type=\"container\">\n\t\t\t\t\t<div class=\"e-con-inner\">\n\t\t<div class=\"elementor-element elementor-element-68460a0 e-con-full e-flex e-con e-child\" data-id=\"68460a0\" data-element_type=\"container\" data-e-type=\"container\">\n\t\t\t\t<div class=\"elementor-element elementor-element-a949245 elementor-widget elementor-widget-heading\" data-id=\"a949245\" data-element_type=\"widget\" data-e-type=\"widget\" data-widget_type=\"heading.default\">\n\t\t\t\t<div class=\"elementor-widget-container\">\n\t\t\t\t\t<h1 class=\"elementor-heading-title elementor-size-default\">Finanzkalender<\/h1>\t\t\t\t<\/div>\n\t\t\t\t<\/div>\n\t\t\t\t<\/div>\n\t\t\t\t\t<\/div>\n\t\t\t\t<\/div>\n\t\t\t\t<\/div>\n\t\t\t\t<\/div>\n\t\t\t\t\t\t<\/div>\n\t\t\t\t<\/div>\n\t\t\t\t\t<\/div>\n\t\t<\/div>\n\t\t\t\t\t<\/div>\n\t\t<\/section>\n\t\t\t\t<section class=\"elementor-section elementor-top-section elementor-element elementor-element-cce489f elementor-section-content-middle elementor-section-boxed elementor-section-height-default elementor-section-height-default\" data-id=\"cce489f\" data-element_type=\"section\" data-e-type=\"section\" data-settings=\"{&quot;background_background&quot;:&quot;classic&quot;}\">\n\t\t\t\t\t\t<div class=\"elementor-container elementor-column-gap-default\">\n\t\t\t\t\t<div class=\"elementor-column elementor-col-100 elementor-top-column elementor-element elementor-element-6157606\" data-id=\"6157606\" data-element_type=\"column\" data-e-type=\"column\" id=\"jet-styled-table\">\n\t\t\t<div class=\"elementor-widget-wrap elementor-element-populated\">\n\t\t\t\t\t\t<div class=\"elementor-element elementor-element-f1088cf elementor-widget__width-auto jet-styled-table elementor-widget elementor-widget-text-editor\" data-id=\"f1088cf\" data-element_type=\"widget\" data-e-type=\"widget\" data-widget_type=\"text-editor.default\">\n\t\t\t\t<div class=\"elementor-widget-container\">\n\t\t\t\t\t\t\t\t\t<table>\r\n  <thead>\r\n    <tr>\r\n      <th>Datum<\/th>\r\n      <th>Ereignis<\/th>\r\n    <\/tr>\r\n  <\/thead>\r\n  <tbody>\r\n    <tr>\r\n      <td><strong>Fr., 22.05.2026<\/strong><\/td>\r\n      <td>Ver\u00f6ffentlichung des Jahresergebnisses 2025<\/td>\r\n    <\/tr>\r\n    <tr>\r\n      <td><strong>Di., 02.06.2026<\/strong><\/td>\r\n      <td>Nachweisstichtag &#8220;Hauptversammlung&#8221;<\/td>\r\n    <\/tr>\r\n    <tr>\r\n      <td><strong>Mi., 10.06.2026<\/strong><\/td>\r\n      <td>Ver\u00f6ffentlichung Ergebnis Q1\/2026<\/td>\r\n    <\/tr>\r\n    <tr>\r\n      <td><strong>Fr., 12.06.2026<\/strong><\/td>\r\n      <td>17. Ordentliche Hauptversammlung<\/td>\r\n    <\/tr>\r\n    <tr>\r\n      <td><strong>Mi., 17.06.2026<\/strong><\/td>\r\n      <td>Ex-Dividenden-Tag<\/td>\r\n    <\/tr>\r\n    <tr>\r\n      <td><strong>Do., 18.06.2026<\/strong><\/td>\r\n      <td>Nachweisstichtag &#8220;Dividenden&#8221; (Record Date)<\/td>\r\n    <\/tr>\r\n    <tr>\r\n      <td><strong>Fr., 19.06.2026<\/strong><\/td>\r\n      <td>Dividenden-Zahltag<\/td>\r\n    <\/tr>\r\n    <tr>\r\n      <td><strong>Do., 17.09.2026<\/strong><\/td>\r\n      <td>Ver\u00f6ffentlichung des Halbjahresergebnisses 2026<\/td>\r\n    <\/tr>\r\n    <tr>\r\n      <td><strong>Mi., 25.11.2026<\/strong><\/td>\r\n      <td>Ver\u00f6ffentlichung Ergebnis Q3\/2026<\/td>\r\n    <\/tr>\r\n  <\/tbody>\r\n<\/table>\t\t\t\t\t\t\t\t<\/div>\n\t\t\t\t<\/div>\n\t\t\t\t\t<\/div>\n\t\t<\/div>\n\t\t\t\t\t<\/div>\n\t\t<\/section>\n\t\t\t\t<section class=\"elementor-section elementor-top-section elementor-element elementor-element-059babb elementor-section-full_width elementor-section-height-default elementor-section-height-default\" data-id=\"059babb\" data-element_type=\"section\" data-e-type=\"section\">\n\t\t\t\t\t\t<div class=\"elementor-container elementor-column-gap-default\">\n\t\t\t\t\t<div class=\"elementor-column elementor-col-100 elementor-top-column elementor-element elementor-element-18bfdf7\" data-id=\"18bfdf7\" data-element_type=\"column\" data-e-type=\"column\">\n\t\t\t<div class=\"elementor-widget-wrap elementor-element-populated\">\n\t\t\t\t\t\t<div class=\"elementor-element elementor-element-584a848 elementor-widget elementor-widget-template\" data-id=\"584a848\" data-element_type=\"widget\" data-e-type=\"widget\" data-widget_type=\"template.default\">\n\t\t\t\t<div class=\"elementor-widget-container\">\n\t\t\t\t\t\t\t<div class=\"elementor-template\">\n\t\t\t\t\t<div data-elementor-type=\"section\" data-elementor-id=\"11402\" class=\"elementor elementor-11402 elementor-6040\" data-elementor-post-type=\"elementor_library\">\n\t\t\t\t\t<section class=\"elementor-section elementor-top-section elementor-element elementor-element-43f40129 elementor-section-content-top elementor-reverse-tablet elementor-reverse-mobile elementor-section-height-min-height elementor-section-items-stretch elementor-section-boxed elementor-section-height-default\" data-id=\"43f40129\" data-element_type=\"section\" data-e-type=\"section\" id=\"contact\" data-settings=\"{&quot;background_background&quot;:&quot;classic&quot;}\">\n\t\t\t\t\t\t<div class=\"elementor-container elementor-column-gap-default\">\n\t\t\t\t\t<div class=\"elementor-column elementor-col-100 elementor-top-column elementor-element elementor-element-53c8b22a\" data-id=\"53c8b22a\" data-element_type=\"column\" data-e-type=\"column\" data-settings=\"{&quot;background_background&quot;:&quot;classic&quot;}\">\n\t\t\t<div class=\"elementor-widget-wrap elementor-element-populated\">\n\t\t\t\t\t<div class=\"elementor-background-overlay\"><\/div>\n\t\t\t\t\t\t<section class=\"elementor-section elementor-inner-section elementor-element elementor-element-5ab6b04 elementor-section-boxed elementor-section-height-default elementor-section-height-default\" data-id=\"5ab6b04\" data-element_type=\"section\" data-e-type=\"section\">\n\t\t\t\t\t\t<div class=\"elementor-container elementor-column-gap-default\">\n\t\t\t\t\t<div class=\"elementor-column elementor-col-50 elementor-inner-column elementor-element elementor-element-4ef17b75\" data-id=\"4ef17b75\" data-element_type=\"column\" data-e-type=\"column\">\n\t\t\t<div class=\"elementor-widget-wrap elementor-element-populated\">\n\t\t\t\t\t\t<div class=\"elementor-element elementor-element-7788dbfc elementor-widget elementor-widget-heading\" data-id=\"7788dbfc\" data-element_type=\"widget\" data-e-type=\"widget\" data-widget_type=\"heading.default\">\n\t\t\t\t<div class=\"elementor-widget-container\">\n\t\t\t\t\t<span class=\"elementor-heading-title elementor-size-default\">Abonnieren Sie unseren Newsletter<\/span>\t\t\t\t<\/div>\n\t\t\t\t<\/div>\n\t\t\t\t<div class=\"elementor-element elementor-element-ffe02fd link-btn elementor-align-justify elementor-mobile-align-justify elementor-widget elementor-widget-button\" data-id=\"ffe02fd\" data-element_type=\"widget\" data-e-type=\"widget\" data-widget_type=\"button.default\">\n\t\t\t\t<div class=\"elementor-widget-container\">\n\t\t\t\t\t\t\t\t\t<div class=\"elementor-button-wrapper\">\n\t\t\t\t\t<a class=\"elementor-button elementor-button-link elementor-size-sm\" href=\"#elementor-action%3Aaction%3Dpopup%3Aopen%26settings%3DeyJpZCI6MTE0MjEsInRvZ2dsZSI6ZmFsc2V9\">\n\t\t\t\t\t\t<span class=\"elementor-button-content-wrapper\">\n\t\t\t\t\t\t<span class=\"elementor-button-icon\">\n\t\t\t\t<i aria-hidden=\"true\" class=\"fas fa-chevron-right\"><\/i>\t\t\t<\/span>\n\t\t\t\t\t\t\t\t\t<span class=\"elementor-button-text\">Anmeldeformular<\/span>\n\t\t\t\t\t<\/span>\n\t\t\t\t\t<\/a>\n\t\t\t\t<\/div>\n\t\t\t\t\t\t\t\t<\/div>\n\t\t\t\t<\/div>\n\t\t\t\t<div class=\"elementor-element elementor-element-e106f52 elementor-hidden-desktop elementor-hidden-tablet elementor-widget-divider--view-line elementor-widget elementor-widget-divider\" data-id=\"e106f52\" data-element_type=\"widget\" data-e-type=\"widget\" data-widget_type=\"divider.default\">\n\t\t\t\t<div class=\"elementor-widget-container\">\n\t\t\t\t\t\t\t<div class=\"elementor-divider\">\n\t\t\t<span class=\"elementor-divider-separator\">\n\t\t\t\t\t\t<\/span>\n\t\t<\/div>\n\t\t\t\t\t\t<\/div>\n\t\t\t\t<\/div>\n\t\t\t\t\t<\/div>\n\t\t<\/div>\n\t\t\t\t<div class=\"elementor-column elementor-col-50 elementor-inner-column elementor-element elementor-element-677dfa15\" data-id=\"677dfa15\" data-element_type=\"column\" data-e-type=\"column\">\n\t\t\t<div class=\"elementor-widget-wrap elementor-element-populated\">\n\t\t\t\t\t\t<div class=\"elementor-element elementor-element-3db40ca0 elementor-widget elementor-widget-heading\" data-id=\"3db40ca0\" data-element_type=\"widget\" data-e-type=\"widget\" data-widget_type=\"heading.default\">\n\t\t\t\t<div class=\"elementor-widget-container\">\n\t\t\t\t\t<span class=\"elementor-heading-title elementor-size-default\">Kontaktiere uns<\/span>\t\t\t\t<\/div>\n\t\t\t\t<\/div>\n\t\t\t\t<div class=\"elementor-element elementor-element-8a40eac link-btn elementor-align-justify elementor-mobile-align-justify elementor-widget elementor-widget-button\" data-id=\"8a40eac\" data-element_type=\"widget\" data-e-type=\"widget\" data-widget_type=\"button.default\">\n\t\t\t\t<div class=\"elementor-widget-container\">\n\t\t\t\t\t\t\t\t\t<div class=\"elementor-button-wrapper\">\n\t\t\t\t\t<a class=\"elementor-button elementor-button-link elementor-size-sm\" href=\"#elementor-action%3Aaction%3Dpopup%3Aopen%26settings%3DeyJpZCI6MTE0MjksInRvZ2dsZSI6ZmFsc2V9\">\n\t\t\t\t\t\t<span class=\"elementor-button-content-wrapper\">\n\t\t\t\t\t\t<span class=\"elementor-button-icon\">\n\t\t\t\t<i aria-hidden=\"true\" class=\"fas fa-chevron-right\"><\/i>\t\t\t<\/span>\n\t\t\t\t\t\t\t\t\t<span class=\"elementor-button-text\">Kontakt<\/span>\n\t\t\t\t\t<\/span>\n\t\t\t\t\t<\/a>\n\t\t\t\t<\/div>\n\t\t\t\t\t\t\t\t<\/div>\n\t\t\t\t<\/div>\n\t\t\t\t\t<\/div>\n\t\t<\/div>\n\t\t\t\t\t<\/div>\n\t\t<\/section>\n\t\t\t\t\t<\/div>\n\t\t<\/div>\n\t\t\t\t\t<\/div>\n\t\t<\/section>\n\t\t\t\t<\/div>\n\t\t\t\t<\/div>\n\t\t\t\t\t\t<\/div>\n\t\t\t\t<\/div>\n\t\t\t\t\t<\/div>\n\t\t<\/div>\n\t\t\t\t\t<\/div>\n\t\t<\/section>\n\t\t\t\t<\/div>\n\t\t","protected":false},"excerpt":{"rendered":"<p>Wichtige Termine f\u00fcr unsere IR-bezogenen Aktivit\u00e4ten und Ver\u00f6ffentlichungen<\/p>\n","protected":false},"author":1,"featured_media":17550,"parent":11356,"menu_order":0,"comment_status":"closed","ping_status":"closed","template":"","meta":{"site-sidebar-layout":"no-sidebar","site-content-layout":"page-builder","ast-site-content-layout":"default","site-content-style":"default","site-sidebar-style":"default","ast-global-header-display":"","ast-banner-title-visibility":"","ast-main-header-display":"disabled","ast-hfb-above-header-display":"disabled","ast-hfb-below-header-display":"disabled","ast-hfb-mobile-header-display":"disabled","site-post-title":"disabled","ast-breadcrumbs-content":"disabled","ast-featured-img":"disabled","footer-sml-layout":"disabled","ast-disable-related-posts":"","theme-transparent-header-meta":"default","adv-header-id-meta":"","stick-header-meta":"","header-above-stick-meta":"","header-main-stick-meta":"","header-below-stick-meta":"","astra-migrate-meta-layouts":"default","ast-page-background-enabled":"default","ast-page-background-meta":{"desktop":{"background-color":"var(--ast-global-color-4)","background-image":"","background-repeat":"repeat","background-position":"center center","background-size":"auto","background-attachment":"scroll","background-type":"","background-media":"","overlay-type":"","overlay-color":"","overlay-opacity":"","overlay-gradient":""},"tablet":{"background-color":"","background-image":"","background-repeat":"repeat","background-position":"center center","background-size":"auto","background-attachment":"scroll","background-type":"","background-media":"","overlay-type":"","overlay-color":"","overlay-opacity":"","overlay-gradient":""},"mobile":{"background-color":"","background-image":"","background-repeat":"repeat","background-position":"center center","background-size":"auto","background-attachment":"scroll","background-type":"","background-media":"","overlay-type":"","overlay-color":"","overlay-opacity":"","overlay-gradient":""}},"ast-content-background-meta":{"desktop":{"background-color":"var(--ast-global-color-5)","background-image":"","background-repeat":"repeat","background-position":"center center","background-size":"auto","background-attachment":"scroll","background-type":"","background-media":"","overlay-type":"","overlay-color":"","overlay-opacity":"","overlay-gradient":""},"tablet":{"background-color":"var(--ast-global-color-5)","background-image":"","background-repeat":"repeat","background-position":"center center","background-size":"auto","background-attachment":"scroll","background-type":"","background-media":"","overlay-type":"","overlay-color":"","overlay-opacity":"","overlay-gradient":""},"mobile":{"background-color":"var(--ast-global-color-5)","background-image":"","background-repeat":"repeat","background-position":"center center","background-size":"auto","background-attachment":"scroll","background-type":"","background-media":"","overlay-type":"","overlay-color":"","overlay-opacity":"","overlay-gradient":""}},"footnotes":""},"class_list":["post-11358","page","type-page","status-publish","has-post-thumbnail","hentry"],"yoast_head":"<!-- This site is optimized with the Yoast SEO Premium plugin v18.4 (Yoast SEO v25.3) - https:\/\/yoast.com\/wordpress\/plugins\/seo\/ -->\n<title>Finanzkalender | Wolftank Group<\/title>\n<meta name=\"description\" content=\"Wichtige Termine f\u00fcr unsere IR-bezogenen Aktivit\u00e4ten und Ver\u00f6ffentlichungen\" \/>\n<meta name=\"robots\" content=\"index, follow, max-snippet:-1, max-image-preview:large, max-video-preview:-1\" \/>\n<link rel=\"canonical\" href=\"https:\/\/wolftankgroup.com\/de\/investor-relations\/finanzkalender\/\" \/>\n<meta property=\"og:locale\" content=\"de_DE\" \/>\n<meta property=\"og:type\" content=\"article\" \/>\n<meta property=\"og:title\" content=\"Finanzkalender | Wolftank Group\" \/>\n<meta property=\"og:description\" content=\"Wichtige Termine f\u00fcr unsere IR-bezogenen Aktivit\u00e4ten und Ver\u00f6ffentlichungen\" \/>\n<meta property=\"og:url\" content=\"https:\/\/wolftankgroup.com\/de\/investor-relations\/finanzkalender\/\" \/>\n<meta property=\"og:site_name\" content=\"Wolftank Group\" \/>\n<meta property=\"article:modified_time\" content=\"2026-04-28T13:52:53+00:00\" \/>\n<meta property=\"og:image\" content=\"https:\/\/wolftankgroup.com\/mediapool\/2023\/07\/wtcalendar.jpg\" \/>\n\t<meta property=\"og:image:width\" content=\"1200\" \/>\n\t<meta property=\"og:image:height\" content=\"700\" \/>\n\t<meta property=\"og:image:type\" content=\"image\/jpeg\" \/>\n<meta name=\"twitter:card\" content=\"summary_large_image\" \/>\n<script type=\"application\/ld+json\" class=\"yoast-schema-graph\">{\"@context\":\"https:\/\/schema.org\",\"@graph\":[{\"@type\":\"WebPage\",\"@id\":\"https:\/\/wolftankgroup.com\/de\/investor-relations\/finanzkalender\/\",\"url\":\"https:\/\/wolftankgroup.com\/de\/investor-relations\/finanzkalender\/\",\"name\":\"Finanzkalender | Wolftank Group\",\"isPartOf\":{\"@id\":\"https:\/\/wolftankgroup.com\/de\/#website\"},\"primaryImageOfPage\":{\"@id\":\"https:\/\/wolftankgroup.com\/de\/investor-relations\/finanzkalender\/#primaryimage\"},\"image\":{\"@id\":\"https:\/\/wolftankgroup.com\/de\/investor-relations\/finanzkalender\/#primaryimage\"},\"thumbnailUrl\":\"https:\/\/wolftankgroup.com\/mediapool\/2023\/07\/wtcalendar.jpg\",\"datePublished\":\"2021-12-13T15:22:07+00:00\",\"dateModified\":\"2026-04-28T13:52:53+00:00\",\"description\":\"Wichtige Termine f\u00fcr unsere IR-bezogenen Aktivit\u00e4ten und Ver\u00f6ffentlichungen\",\"breadcrumb\":{\"@id\":\"https:\/\/wolftankgroup.com\/de\/investor-relations\/finanzkalender\/#breadcrumb\"},\"inLanguage\":\"de\",\"potentialAction\":[{\"@type\":\"ReadAction\",\"target\":[\"https:\/\/wolftankgroup.com\/de\/investor-relations\/finanzkalender\/\"]}]},{\"@type\":\"ImageObject\",\"inLanguage\":\"de\",\"@id\":\"https:\/\/wolftankgroup.com\/de\/investor-relations\/finanzkalender\/#primaryimage\",\"url\":\"https:\/\/wolftankgroup.com\/mediapool\/2023\/07\/wtcalendar.jpg\",\"contentUrl\":\"https:\/\/wolftankgroup.com\/mediapool\/2023\/07\/wtcalendar.jpg\",\"width\":1200,\"height\":700},{\"@type\":\"BreadcrumbList\",\"@id\":\"https:\/\/wolftankgroup.com\/de\/investor-relations\/finanzkalender\/#breadcrumb\",\"itemListElement\":[{\"@type\":\"ListItem\",\"position\":1,\"name\":\"Home\",\"item\":\"https:\/\/wolftankgroup.com\/de\/\"},{\"@type\":\"ListItem\",\"position\":2,\"name\":\"Investor relations\",\"item\":\"https:\/\/wolftankgroup.com\/de\/investor-relations\/\"},{\"@type\":\"ListItem\",\"position\":3,\"name\":\"Finanzkalender\"}]},{\"@type\":\"WebSite\",\"@id\":\"https:\/\/wolftankgroup.com\/de\/#website\",\"url\":\"https:\/\/wolftankgroup.com\/de\/\",\"name\":\"Wolftank Group\",\"description\":\"Energizing the future\",\"publisher\":{\"@id\":\"https:\/\/wolftankgroup.com\/de\/#organization\"},\"potentialAction\":[{\"@type\":\"SearchAction\",\"target\":{\"@type\":\"EntryPoint\",\"urlTemplate\":\"https:\/\/wolftankgroup.com\/de\/?s={search_term_string}\"},\"query-input\":{\"@type\":\"PropertyValueSpecification\",\"valueRequired\":true,\"valueName\":\"search_term_string\"}}],\"inLanguage\":\"de\"},{\"@type\":\"Organization\",\"@id\":\"https:\/\/wolftankgroup.com\/de\/#organization\",\"name\":\"Wolftank Group\",\"url\":\"https:\/\/wolftankgroup.com\/de\/\",\"logo\":{\"@type\":\"ImageObject\",\"inLanguage\":\"de\",\"@id\":\"https:\/\/wolftankgroup.com\/de\/#\/schema\/logo\/image\/\",\"url\":\"https:\/\/wolftankgroup.com\/mediapool\/2022\/04\/Wolftank_Group_Logo_RGB.jpg\",\"contentUrl\":\"https:\/\/wolftankgroup.com\/mediapool\/2022\/04\/Wolftank_Group_Logo_RGB.jpg\",\"width\":2311,\"height\":981,\"caption\":\"Wolftank Group\"},\"image\":{\"@id\":\"https:\/\/wolftankgroup.com\/de\/#\/schema\/logo\/image\/\"},\"sameAs\":[\"https:\/\/www.linkedin.com\/company\/9185741\/\"]}]}<\/script>\n<!-- \/ Yoast SEO Premium plugin. -->","yoast_head_json":{"title":"Finanzkalender | Wolftank Group","description":"Wichtige Termine f\u00fcr unsere IR-bezogenen Aktivit\u00e4ten und Ver\u00f6ffentlichungen","robots":{"index":"index","follow":"follow","max-snippet":"max-snippet:-1","max-image-preview":"max-image-preview:large","max-video-preview":"max-video-preview:-1"},"canonical":"https:\/\/wolftankgroup.com\/de\/investor-relations\/finanzkalender\/","og_locale":"de_DE","og_type":"article","og_title":"Finanzkalender | Wolftank Group","og_description":"Wichtige Termine f\u00fcr unsere IR-bezogenen Aktivit\u00e4ten und Ver\u00f6ffentlichungen","og_url":"https:\/\/wolftankgroup.com\/de\/investor-relations\/finanzkalender\/","og_site_name":"Wolftank Group","article_modified_time":"2026-04-28T13:52:53+00:00","og_image":[{"width":1200,"height":700,"url":"https:\/\/wolftankgroup.com\/mediapool\/2023\/07\/wtcalendar.jpg","type":"image\/jpeg"}],"twitter_card":"summary_large_image","schema":{"@context":"https:\/\/schema.org","@graph":[{"@type":"WebPage","@id":"https:\/\/wolftankgroup.com\/de\/investor-relations\/finanzkalender\/","url":"https:\/\/wolftankgroup.com\/de\/investor-relations\/finanzkalender\/","name":"Finanzkalender | Wolftank Group","isPartOf":{"@id":"https:\/\/wolftankgroup.com\/de\/#website"},"primaryImageOfPage":{"@id":"https:\/\/wolftankgroup.com\/de\/investor-relations\/finanzkalender\/#primaryimage"},"image":{"@id":"https:\/\/wolftankgroup.com\/de\/investor-relations\/finanzkalender\/#primaryimage"},"thumbnailUrl":"https:\/\/wolftankgroup.com\/mediapool\/2023\/07\/wtcalendar.jpg","datePublished":"2021-12-13T15:22:07+00:00","dateModified":"2026-04-28T13:52:53+00:00","description":"Wichtige Termine f\u00fcr unsere IR-bezogenen Aktivit\u00e4ten und Ver\u00f6ffentlichungen","breadcrumb":{"@id":"https:\/\/wolftankgroup.com\/de\/investor-relations\/finanzkalender\/#breadcrumb"},"inLanguage":"de","potentialAction":[{"@type":"ReadAction","target":["https:\/\/wolftankgroup.com\/de\/investor-relations\/finanzkalender\/"]}]},{"@type":"ImageObject","inLanguage":"de","@id":"https:\/\/wolftankgroup.com\/de\/investor-relations\/finanzkalender\/#primaryimage","url":"https:\/\/wolftankgroup.com\/mediapool\/2023\/07\/wtcalendar.jpg","contentUrl":"https:\/\/wolftankgroup.com\/mediapool\/2023\/07\/wtcalendar.jpg","width":1200,"height":700},{"@type":"BreadcrumbList","@id":"https:\/\/wolftankgroup.com\/de\/investor-relations\/finanzkalender\/#breadcrumb","itemListElement":[{"@type":"ListItem","position":1,"name":"Home","item":"https:\/\/wolftankgroup.com\/de\/"},{"@type":"ListItem","position":2,"name":"Investor relations","item":"https:\/\/wolftankgroup.com\/de\/investor-relations\/"},{"@type":"ListItem","position":3,"name":"Finanzkalender"}]},{"@type":"WebSite","@id":"https:\/\/wolftankgroup.com\/de\/#website","url":"https:\/\/wolftankgroup.com\/de\/","name":"Wolftank Group","description":"Energizing the future","publisher":{"@id":"https:\/\/wolftankgroup.com\/de\/#organization"},"potentialAction":[{"@type":"SearchAction","target":{"@type":"EntryPoint","urlTemplate":"https:\/\/wolftankgroup.com\/de\/?s={search_term_string}"},"query-input":{"@type":"PropertyValueSpecification","valueRequired":true,"valueName":"search_term_string"}}],"inLanguage":"de"},{"@type":"Organization","@id":"https:\/\/wolftankgroup.com\/de\/#organization","name":"Wolftank Group","url":"https:\/\/wolftankgroup.com\/de\/","logo":{"@type":"ImageObject","inLanguage":"de","@id":"https:\/\/wolftankgroup.com\/de\/#\/schema\/logo\/image\/","url":"https:\/\/wolftankgroup.com\/mediapool\/2022\/04\/Wolftank_Group_Logo_RGB.jpg","contentUrl":"https:\/\/wolftankgroup.com\/mediapool\/2022\/04\/Wolftank_Group_Logo_RGB.jpg","width":2311,"height":981,"caption":"Wolftank Group"},"image":{"@id":"https:\/\/wolftankgroup.com\/de\/#\/schema\/logo\/image\/"},"sameAs":["https:\/\/www.linkedin.com\/company\/9185741\/"]}]}},"_links":{"self":[{"href":"https:\/\/wolftankgroup.com\/de\/wp-json\/wp\/v2\/pages\/11358","targetHints":{"allow":["GET"]}}],"collection":[{"href":"https:\/\/wolftankgroup.com\/de\/wp-json\/wp\/v2\/pages"}],"about":[{"href":"https:\/\/wolftankgroup.com\/de\/wp-json\/wp\/v2\/types\/page"}],"author":[{"embeddable":true,"href":"https:\/\/wolftankgroup.com\/de\/wp-json\/wp\/v2\/users\/1"}],"replies":[{"embeddable":true,"href":"https:\/\/wolftankgroup.com\/de\/wp-json\/wp\/v2\/comments?post=11358"}],"version-history":[{"count":1,"href":"https:\/\/wolftankgroup.com\/de\/wp-json\/wp\/v2\/pages\/11358\/revisions"}],"predecessor-version":[{"id":20827,"href":"https:\/\/wolftankgroup.com\/de\/wp-json\/wp\/v2\/pages\/11358\/revisions\/20827"}],"up":[{"embeddable":true,"href":"https:\/\/wolftankgroup.com\/de\/wp-json\/wp\/v2\/pages\/11356"}],"wp:featuredmedia":[{"embeddable":true,"href":"https:\/\/wolftankgroup.com\/de\/wp-json\/wp\/v2\/media\/17550"}],"wp:attachment":[{"href":"https:\/\/wolftankgroup.com\/de\/wp-json\/wp\/v2\/media?parent=11358"}],"curies":[{"name":"wp","href":"https:\/\/api.w.org\/{rel}","templated":true}]}}