{"id":12000,"date":"2022-04-26T14:49:45","date_gmt":"2022-04-26T12:49:45","guid":{"rendered":"https:\/\/wolftankgroup.com\/whistleblowing\/"},"modified":"2025-03-28T10:46:40","modified_gmt":"2025-03-28T09:46:40","slug":"whistleblowing","status":"publish","type":"page","link":"https:\/\/wolftankgroup.com\/de\/whistleblowing\/","title":{"rendered":"Whistleblowing"},"content":{"rendered":"\t\t<div data-elementor-type=\"wp-page\" data-elementor-id=\"12000\" class=\"elementor elementor-12000 elementor-11998\" data-elementor-post-type=\"page\">\n\t\t\t\t\t\t<section class=\"elementor-section elementor-top-section elementor-element elementor-element-4f44157 elementor-section-content-middle elementor-reverse-tablet elementor-reverse-mobile elementor-section-boxed elementor-section-height-default elementor-section-height-default\" data-id=\"4f44157\" data-element_type=\"section\" data-e-type=\"section\">\n\t\t\t\t\t\t<div class=\"elementor-container elementor-column-gap-default\">\n\t\t\t\t\t<div class=\"elementor-column elementor-col-100 elementor-top-column elementor-element elementor-element-c38d427\" data-id=\"c38d427\" data-element_type=\"column\" data-e-type=\"column\">\n\t\t\t<div class=\"elementor-widget-wrap elementor-element-populated\">\n\t\t\t\t\t\t\t<\/div>\n\t\t<\/div>\n\t\t\t\t\t<\/div>\n\t\t<\/section>\n\t\t\t\t<section class=\"elementor-section elementor-top-section elementor-element elementor-element-76eb64d elementor-section-boxed elementor-section-height-default elementor-section-height-default\" data-id=\"76eb64d\" data-element_type=\"section\" data-e-type=\"section\">\n\t\t\t\t\t\t<div class=\"elementor-container elementor-column-gap-default\">\n\t\t\t\t\t<div class=\"elementor-column elementor-col-50 elementor-top-column elementor-element elementor-element-ae6294d\" data-id=\"ae6294d\" data-element_type=\"column\" data-e-type=\"column\">\n\t\t\t<div class=\"elementor-widget-wrap elementor-element-populated\">\n\t\t\t\t\t\t<div class=\"elementor-element elementor-element-f4ab2ac elementor-widget elementor-widget-text-editor\" data-id=\"f4ab2ac\" data-element_type=\"widget\" data-e-type=\"widget\" data-widget_type=\"text-editor.default\">\n\t\t\t\t<div class=\"elementor-widget-container\">\n\t\t\t\t\t\t\t\t\t<p>Wir bei Wolftank sind bestrebt, die h\u00f6chsten Standards der Integrit\u00e4t in allen Abl\u00e4ufen und der F\u00fchrung unserer Gesch\u00e4fte aufrechtzuerhalten. Sollten Sie Kenntnis von unangemessenem Verhalten (Fehlverhalten oder kriminellem Verhalten) innerhalb der Wolftank Gruppe haben, kontaktieren Sie uns bitte \u00fcber dieses Formular oder direkt \u00fcber die forgesehenen Kommunikationskan\u00e4le.<\/p>\n\t\t\t\t\t\t\t\t<\/div>\n\t\t\t\t<\/div>\n\t\t\t\t<div class=\"elementor-element elementor-element-fba432f elementor-position-inline-start elementor-view-default elementor-mobile-position-block-start elementor-widget elementor-widget-icon-box\" data-id=\"fba432f\" data-element_type=\"widget\" data-e-type=\"widget\" data-widget_type=\"icon-box.default\">\n\t\t\t\t<div class=\"elementor-widget-container\">\n\t\t\t\t\t\t\t<div class=\"elementor-icon-box-wrapper\">\n\n\t\t\t\t\t\t<div class=\"elementor-icon-box-icon\">\n\t\t\t\t<span  class=\"elementor-icon\">\n\t\t\t\t<i aria-hidden=\"true\" class=\"far fa-envelope\"><\/i>\t\t\t\t<\/span>\n\t\t\t<\/div>\n\t\t\t\n\t\t\t\t\t\t<div class=\"elementor-icon-box-content\">\n\n\t\t\t\t\t\t\t\t\t<h3 class=\"elementor-icon-box-title\">\n\t\t\t\t\t\t<span  >\n\t\t\t\t\t\t\tcompliance@wolftankgroup.com\t\t\t\t\t\t<\/span>\n\t\t\t\t\t<\/h3>\n\t\t\t\t\n\t\t\t\t\n\t\t\t<\/div>\n\t\t\t\n\t\t<\/div>\n\t\t\t\t\t\t<\/div>\n\t\t\t\t<\/div>\n\t\t\t\t<div class=\"elementor-element elementor-element-4af00e8 elementor-position-inline-start elementor-view-default elementor-mobile-position-block-start elementor-widget elementor-widget-icon-box\" data-id=\"4af00e8\" data-element_type=\"widget\" data-e-type=\"widget\" data-widget_type=\"icon-box.default\">\n\t\t\t\t<div class=\"elementor-widget-container\">\n\t\t\t\t\t\t\t<div class=\"elementor-icon-box-wrapper\">\n\n\t\t\t\t\t\t<div class=\"elementor-icon-box-icon\">\n\t\t\t\t<span  class=\"elementor-icon\">\n\t\t\t\t<i aria-hidden=\"true\" class=\"fas fa-envelope-open-text\"><\/i>\t\t\t\t<\/span>\n\t\t\t<\/div>\n\t\t\t\n\t\t\t\t\t\t<div class=\"elementor-icon-box-content\">\n\n\t\t\t\t\t\t\t\t\t<h3 class=\"elementor-icon-box-title\">\n\t\t\t\t\t\t<span  >\n\t\t\t\t\t\t\tWolftank Group AG\t\t\t\t\t\t<\/span>\n\t\t\t\t\t<\/h3>\n\t\t\t\t\n\t\t\t\t\t\t\t\t\t<p class=\"elementor-icon-box-description\">\n\t\t\t\t\t\t<br><strong> z.H. Compliance Abteilung<\/strong><br>\r\nLeopoldstra\u00dfe 2<br>\r\n6020 Innsbruck<br>\r\nAustria\t\t\t\t\t<\/p>\n\t\t\t\t\n\t\t\t<\/div>\n\t\t\t\n\t\t<\/div>\n\t\t\t\t\t\t<\/div>\n\t\t\t\t<\/div>\n\t\t\t\t\t<\/div>\n\t\t<\/div>\n\t\t\t\t<div class=\"elementor-column elementor-col-50 elementor-top-column elementor-element elementor-element-4710329\" data-id=\"4710329\" data-element_type=\"column\" data-e-type=\"column\">\n\t\t\t<div class=\"elementor-widget-wrap elementor-element-populated\">\n\t\t\t\t\t\t<div class=\"elementor-element elementor-element-eb9a7c5 elementor-widget elementor-widget-wp-widget-wpforms-widget\" data-id=\"eb9a7c5\" data-element_type=\"widget\" data-e-type=\"widget\" data-widget_type=\"wp-widget-wpforms-widget.default\">\n\t\t\t\t<div class=\"elementor-widget-container\">\n\t\t\t\t\t<div class=\"wpforms-container wpforms-container-full\" id=\"wpforms-12011\"><form id=\"wpforms-form-12011\" class=\"wpforms-validate wpforms-form wpforms-ajax-form\" data-formid=\"12011\" method=\"post\" enctype=\"multipart\/form-data\" action=\"\/de\/wp-json\/wp\/v2\/pages\/12000\" data-token=\"3d14d41dd21f0ace2804a98b2d3e060c\" data-token-time=\"1775356398\"><noscript class=\"wpforms-error-noscript\">Bitte aktiviere JavaScript in deinem Browser, um dieses Formular fertigzustellen.<\/noscript><div class=\"wpforms-field-container\"><div id=\"wpforms-12011-field_1-container\" class=\"wpforms-field wpforms-field-text\" data-field-id=\"1\"><label class=\"wpforms-field-label\" for=\"wpforms-12011-field_1\">Name<\/label><input type=\"text\" id=\"wpforms-12011-field_1\" class=\"wpforms-field-large\" name=\"wpforms[fields][1]\" placeholder=\"Name\" ><\/div><div id=\"wpforms-12011-field_2-container\" class=\"wpforms-field wpforms-field-email\" data-field-id=\"2\"><label class=\"wpforms-field-label\" for=\"wpforms-12011-field_2\">Email<\/label><input type=\"email\" id=\"wpforms-12011-field_2\" class=\"wpforms-field-large\" name=\"wpforms[fields][2]\" placeholder=\"Email\" spellcheck=\"false\" ><\/div><div id=\"wpforms-12011-field_6-container\" class=\"wpforms-field wpforms-field-textarea\" data-field-id=\"6\"><label class=\"wpforms-field-label wpforms-label-hide\" for=\"wpforms-12011-field_6\">Nachricht <span class=\"wpforms-required-label\">*<\/span><\/label><textarea id=\"wpforms-12011-field_6\" class=\"wpforms-field-medium wpforms-field-required\" name=\"wpforms[fields][6]\" required><\/textarea><\/div><div id=\"wpforms-12011-field_3-container\" class=\"wpforms-field wpforms-field-gdpr-checkbox\" data-field-id=\"3\"><label class=\"wpforms-field-label wpforms-label-hide\">GDPR Agreement <span class=\"wpforms-required-label\">*<\/span><\/label><ul id=\"wpforms-12011-field_3\" class=\"wpforms-field-required\"><li class=\"choice-1\"><input type=\"checkbox\" id=\"wpforms-12011-field_3_1\" name=\"wpforms[fields][3][]\" value=\"Ich bin damit einverstanden, dass diese Website die von mir \u00fcbermittelten Daten speichert, um meine Anfrage zu beantworten, und ich habe die &lt;a href=&quot;https:\/\/wolftankgroup.com\/de\/datenschutzerklaerung\/&quot;&gt;Datenschutzbestimmungen&lt;\/a&gt; auf dieser Seite gelesen und stimme ihnen zu.\" required ><label class=\"wpforms-field-label-inline\" for=\"wpforms-12011-field_3_1\">Ich bin damit einverstanden, dass diese Website die von mir \u00fcbermittelten Daten speichert, um meine Anfrage zu beantworten, und ich habe die <a href=\"https:\/\/wolftankgroup.com\/de\/datenschutzerklaerung\/\">Datenschutzbestimmungen<\/a> auf dieser Seite gelesen und stimme ihnen zu. <span class=\"wpforms-required-label\">*<\/span><\/label><\/li><\/ul><\/div><\/div><!-- .wpforms-field-container --><div class=\"wpforms-recaptcha-container wpforms-is-recaptcha wpforms-is-recaptcha-type-v3\" ><input type=\"hidden\" name=\"wpforms[recaptcha]\" value=\"\"><\/div><div class=\"wpforms-submit-container\" ><input type=\"hidden\" name=\"wpforms[id]\" value=\"12011\"><input type=\"hidden\" name=\"page_title\" value=\"\"><input type=\"hidden\" name=\"page_url\" value=\"https:\/\/wolftankgroup.com\/de\/wp-json\/wp\/v2\/pages\/12000\"><input type=\"hidden\" name=\"url_referer\" value=\"\"><button type=\"submit\" name=\"wpforms[submit]\" id=\"wpforms-submit-12011\" class=\"wpforms-submit\" data-alt-text=\"Senden...\" data-submit-text=\"Absenden\" aria-live=\"assertive\" value=\"wpforms-submit\">Absenden<\/button><img decoding=\"async\" src=\"https:\/\/wolftankgroup.com\/wp-content\/plugins\/wpforms\/assets\/images\/submit-spin.svg\" class=\"wpforms-submit-spinner\" style=\"display: none;\" width=\"26\" height=\"26\" alt=\"Wird geladen\"><\/div><\/form><\/div>  <!-- .wpforms-container -->\t\t\t\t<\/div>\n\t\t\t\t<\/div>\n\t\t\t\t\t<\/div>\n\t\t<\/div>\n\t\t\t\t\t<\/div>\n\t\t<\/section>\n\t\t\t\t<\/div>\n\t\t","protected":false},"excerpt":{"rendered":"<p>Wir bei Wolftank sind bestrebt, die h\u00f6chsten Standards der Integrit\u00e4t in allen Abl\u00e4ufen und der F\u00fchrung unserer Gesch\u00e4fte aufrechtzuerhalten. Sollten Sie Kenntnis von unangemessenem Verhalten (Fehlverhalten oder kriminellem Verhalten) innerhalb der Wolftank Gruppe haben, kontaktieren Sie uns bitte \u00fcber dieses Formular oder direkt \u00fcber die forgesehenen Kommunikationskan\u00e4le. compliance@wolftankgroup.com Wolftank Group AG z.H. Compliance Abteilung Leopoldstra\u00dfe [&hellip;]<\/p>\n","protected":false},"author":1,"featured_media":0,"parent":0,"menu_order":0,"comment_status":"closed","ping_status":"closed","template":"","meta":{"site-sidebar-layout":"no-sidebar","site-content-layout":"page-builder","ast-site-content-layout":"","site-content-style":"default","site-sidebar-style":"default","ast-global-header-display":"","ast-banner-title-visibility":"","ast-main-header-display":"disabled","ast-hfb-above-header-display":"disabled","ast-hfb-below-header-display":"disabled","ast-hfb-mobile-header-display":"disabled","site-post-title":"disabled","ast-breadcrumbs-content":"disabled","ast-featured-img":"disabled","footer-sml-layout":"disabled","theme-transparent-header-meta":"default","adv-header-id-meta":"","stick-header-meta":"","header-above-stick-meta":"","header-main-stick-meta":"","header-below-stick-meta":"","astra-migrate-meta-layouts":"default","ast-page-background-enabled":"default","ast-page-background-meta":{"desktop":{"background-color":"var(--ast-global-color-4)","background-image":"","background-repeat":"repeat","background-position":"center center","background-size":"auto","background-attachment":"scroll","background-type":"","background-media":"","overlay-type":"","overlay-color":"","overlay-opacity":"","overlay-gradient":""},"tablet":{"background-color":"","background-image":"","background-repeat":"repeat","background-position":"center center","background-size":"auto","background-attachment":"scroll","background-type":"","background-media":"","overlay-type":"","overlay-color":"","overlay-opacity":"","overlay-gradient":""},"mobile":{"background-color":"","background-image":"","background-repeat":"repeat","background-position":"center center","background-size":"auto","background-attachment":"scroll","background-type":"","background-media":"","overlay-type":"","overlay-color":"","overlay-opacity":"","overlay-gradient":""}},"ast-content-background-meta":{"desktop":{"background-color":"var(--ast-global-color-5)","background-image":"","background-repeat":"repeat","background-position":"center center","background-size":"auto","background-attachment":"scroll","background-type":"","background-media":"","overlay-type":"","overlay-color":"","overlay-opacity":"","overlay-gradient":""},"tablet":{"background-color":"var(--ast-global-color-5)","background-image":"","background-repeat":"repeat","background-position":"center center","background-size":"auto","background-attachment":"scroll","background-type":"","background-media":"","overlay-type":"","overlay-color":"","overlay-opacity":"","overlay-gradient":""},"mobile":{"background-color":"var(--ast-global-color-5)","background-image":"","background-repeat":"repeat","background-position":"center center","background-size":"auto","background-attachment":"scroll","background-type":"","background-media":"","overlay-type":"","overlay-color":"","overlay-opacity":"","overlay-gradient":""}},"footnotes":""},"class_list":["post-12000","page","type-page","status-publish","hentry"],"yoast_head":"<!-- This site is optimized with the Yoast SEO Premium plugin v18.4 (Yoast SEO v25.3) - https:\/\/yoast.com\/wordpress\/plugins\/seo\/ -->\n<title>Whistleblowing | Wolftank Group<\/title>\n<meta name=\"robots\" content=\"index, follow, max-snippet:-1, max-image-preview:large, max-video-preview:-1\" \/>\n<link rel=\"canonical\" href=\"https:\/\/wolftankgroup.com\/de\/whistleblowing\/\" \/>\n<meta property=\"og:locale\" content=\"de_DE\" \/>\n<meta property=\"og:type\" content=\"article\" \/>\n<meta property=\"og:title\" content=\"Whistleblowing | Wolftank Group\" \/>\n<meta property=\"og:url\" content=\"https:\/\/wolftankgroup.com\/de\/whistleblowing\/\" \/>\n<meta property=\"og:site_name\" content=\"Wolftank Group\" \/>\n<meta property=\"article:modified_time\" content=\"2025-03-28T09:46:40+00:00\" \/>\n<meta property=\"og:image\" content=\"https:\/\/wolftankgroup.com\/mediapool\/2022\/04\/Page-Thumbnails-Socials.jpg\" \/>\n\t<meta property=\"og:image:width\" content=\"1200\" \/>\n\t<meta property=\"og:image:height\" content=\"630\" \/>\n\t<meta property=\"og:image:type\" content=\"image\/jpeg\" \/>\n<meta name=\"twitter:card\" content=\"summary_large_image\" \/>\n<script type=\"application\/ld+json\" class=\"yoast-schema-graph\">{\"@context\":\"https:\/\/schema.org\",\"@graph\":[{\"@type\":\"WebPage\",\"@id\":\"https:\/\/wolftankgroup.com\/de\/whistleblowing\/\",\"url\":\"https:\/\/wolftankgroup.com\/de\/whistleblowing\/\",\"name\":\"Whistleblowing | Wolftank Group\",\"isPartOf\":{\"@id\":\"https:\/\/wolftankgroup.com\/de\/#website\"},\"datePublished\":\"2022-04-26T12:49:45+00:00\",\"dateModified\":\"2025-03-28T09:46:40+00:00\",\"breadcrumb\":{\"@id\":\"https:\/\/wolftankgroup.com\/de\/whistleblowing\/#breadcrumb\"},\"inLanguage\":\"de\",\"potentialAction\":[{\"@type\":\"ReadAction\",\"target\":[\"https:\/\/wolftankgroup.com\/de\/whistleblowing\/\"]}]},{\"@type\":\"BreadcrumbList\",\"@id\":\"https:\/\/wolftankgroup.com\/de\/whistleblowing\/#breadcrumb\",\"itemListElement\":[{\"@type\":\"ListItem\",\"position\":1,\"name\":\"Home\",\"item\":\"https:\/\/wolftankgroup.com\/de\/\"},{\"@type\":\"ListItem\",\"position\":2,\"name\":\"Whistleblowing\"}]},{\"@type\":\"WebSite\",\"@id\":\"https:\/\/wolftankgroup.com\/de\/#website\",\"url\":\"https:\/\/wolftankgroup.com\/de\/\",\"name\":\"Wolftank Group\",\"description\":\"Energizing the future\",\"publisher\":{\"@id\":\"https:\/\/wolftankgroup.com\/de\/#organization\"},\"potentialAction\":[{\"@type\":\"SearchAction\",\"target\":{\"@type\":\"EntryPoint\",\"urlTemplate\":\"https:\/\/wolftankgroup.com\/de\/?s={search_term_string}\"},\"query-input\":{\"@type\":\"PropertyValueSpecification\",\"valueRequired\":true,\"valueName\":\"search_term_string\"}}],\"inLanguage\":\"de\"},{\"@type\":\"Organization\",\"@id\":\"https:\/\/wolftankgroup.com\/de\/#organization\",\"name\":\"Wolftank Group\",\"url\":\"https:\/\/wolftankgroup.com\/de\/\",\"logo\":{\"@type\":\"ImageObject\",\"inLanguage\":\"de\",\"@id\":\"https:\/\/wolftankgroup.com\/de\/#\/schema\/logo\/image\/\",\"url\":\"https:\/\/wolftankgroup.com\/mediapool\/2022\/04\/Wolftank_Group_Logo_RGB.jpg\",\"contentUrl\":\"https:\/\/wolftankgroup.com\/mediapool\/2022\/04\/Wolftank_Group_Logo_RGB.jpg\",\"width\":2311,\"height\":981,\"caption\":\"Wolftank Group\"},\"image\":{\"@id\":\"https:\/\/wolftankgroup.com\/de\/#\/schema\/logo\/image\/\"},\"sameAs\":[\"https:\/\/www.linkedin.com\/company\/9185741\/\"]}]}<\/script>\n<!-- \/ Yoast SEO Premium plugin. -->","yoast_head_json":{"title":"Whistleblowing | Wolftank Group","robots":{"index":"index","follow":"follow","max-snippet":"max-snippet:-1","max-image-preview":"max-image-preview:large","max-video-preview":"max-video-preview:-1"},"canonical":"https:\/\/wolftankgroup.com\/de\/whistleblowing\/","og_locale":"de_DE","og_type":"article","og_title":"Whistleblowing | Wolftank Group","og_url":"https:\/\/wolftankgroup.com\/de\/whistleblowing\/","og_site_name":"Wolftank Group","article_modified_time":"2025-03-28T09:46:40+00:00","og_image":[{"width":1200,"height":630,"url":"https:\/\/wolftankgroup.com\/mediapool\/2022\/04\/Page-Thumbnails-Socials.jpg","type":"image\/jpeg"}],"twitter_card":"summary_large_image","schema":{"@context":"https:\/\/schema.org","@graph":[{"@type":"WebPage","@id":"https:\/\/wolftankgroup.com\/de\/whistleblowing\/","url":"https:\/\/wolftankgroup.com\/de\/whistleblowing\/","name":"Whistleblowing | Wolftank Group","isPartOf":{"@id":"https:\/\/wolftankgroup.com\/de\/#website"},"datePublished":"2022-04-26T12:49:45+00:00","dateModified":"2025-03-28T09:46:40+00:00","breadcrumb":{"@id":"https:\/\/wolftankgroup.com\/de\/whistleblowing\/#breadcrumb"},"inLanguage":"de","potentialAction":[{"@type":"ReadAction","target":["https:\/\/wolftankgroup.com\/de\/whistleblowing\/"]}]},{"@type":"BreadcrumbList","@id":"https:\/\/wolftankgroup.com\/de\/whistleblowing\/#breadcrumb","itemListElement":[{"@type":"ListItem","position":1,"name":"Home","item":"https:\/\/wolftankgroup.com\/de\/"},{"@type":"ListItem","position":2,"name":"Whistleblowing"}]},{"@type":"WebSite","@id":"https:\/\/wolftankgroup.com\/de\/#website","url":"https:\/\/wolftankgroup.com\/de\/","name":"Wolftank Group","description":"Energizing the future","publisher":{"@id":"https:\/\/wolftankgroup.com\/de\/#organization"},"potentialAction":[{"@type":"SearchAction","target":{"@type":"EntryPoint","urlTemplate":"https:\/\/wolftankgroup.com\/de\/?s={search_term_string}"},"query-input":{"@type":"PropertyValueSpecification","valueRequired":true,"valueName":"search_term_string"}}],"inLanguage":"de"},{"@type":"Organization","@id":"https:\/\/wolftankgroup.com\/de\/#organization","name":"Wolftank Group","url":"https:\/\/wolftankgroup.com\/de\/","logo":{"@type":"ImageObject","inLanguage":"de","@id":"https:\/\/wolftankgroup.com\/de\/#\/schema\/logo\/image\/","url":"https:\/\/wolftankgroup.com\/mediapool\/2022\/04\/Wolftank_Group_Logo_RGB.jpg","contentUrl":"https:\/\/wolftankgroup.com\/mediapool\/2022\/04\/Wolftank_Group_Logo_RGB.jpg","width":2311,"height":981,"caption":"Wolftank Group"},"image":{"@id":"https:\/\/wolftankgroup.com\/de\/#\/schema\/logo\/image\/"},"sameAs":["https:\/\/www.linkedin.com\/company\/9185741\/"]}]}},"_links":{"self":[{"href":"https:\/\/wolftankgroup.com\/de\/wp-json\/wp\/v2\/pages\/12000","targetHints":{"allow":["GET"]}}],"collection":[{"href":"https:\/\/wolftankgroup.com\/de\/wp-json\/wp\/v2\/pages"}],"about":[{"href":"https:\/\/wolftankgroup.com\/de\/wp-json\/wp\/v2\/types\/page"}],"author":[{"embeddable":true,"href":"https:\/\/wolftankgroup.com\/de\/wp-json\/wp\/v2\/users\/1"}],"replies":[{"embeddable":true,"href":"https:\/\/wolftankgroup.com\/de\/wp-json\/wp\/v2\/comments?post=12000"}],"version-history":[{"count":7,"href":"https:\/\/wolftankgroup.com\/de\/wp-json\/wp\/v2\/pages\/12000\/revisions"}],"predecessor-version":[{"id":19821,"href":"https:\/\/wolftankgroup.com\/de\/wp-json\/wp\/v2\/pages\/12000\/revisions\/19821"}],"wp:attachment":[{"href":"https:\/\/wolftankgroup.com\/de\/wp-json\/wp\/v2\/media?parent=12000"}],"curies":[{"name":"wp","href":"https:\/\/api.w.org\/{rel}","templated":true}]}}